{"id":11502,"date":"2019-03-21T15:20:48","date_gmt":"2019-03-21T20:20:48","guid":{"rendered":"https:\/\/colsanbartolome.edu.co\/web\/?page_id=11502"},"modified":"2019-07-12T10:29:13","modified_gmt":"2019-07-12T15:29:13","slug":"nuestro-colegio","status":"publish","type":"page","link":"https:\/\/colsanbartolome.edu.co\/web\/nuestro-colegio\/","title":{"rendered":"Nuestro Colegio"},"content":{"rendered":"<div class=\"wpb-content-wrapper\"><p>[vc_row][vc_column]<div class=\"thim-widget-heading template-base\"><div class=\"sc_heading  text-center\"><h3 style=\"font-size:35px;font-weight:600;\" class=\"title\">Informaci\u00f3n <strong>Institucional<\/strong><\/h3><\/div><\/div>[\/vc_column][\/vc_row][vc_row css=\u00bb.vc_custom_1559531433775{margin-bottom: 15px !important;}\u00bb][vc_column width=\u00bb1\/2&#8243; css=\u00bb.vc_custom_1562944446531{margin-bottom: 30px !important;}\u00bb][vc_column_text]<\/p>\n<h3 class=\"thim-text-title\">Misi\u00f3n<\/h3>\n<p>La Instituci\u00f3n Educativa Colegio San Bartolom\u00e9 de San Jos\u00e9 de C\u00facuta, de car\u00e1cter oficial; forma integralmente a sus estudiantes a trav\u00e9s de una orientaci\u00f3n incluyente, emprendedora, human\u00edstica, acad\u00e9mica e investigativa, con vocaci\u00f3n de servicio, liderazgo y autonom\u00eda para que promuevan la construcci\u00f3n de una sociedad progresista y productiva.[\/vc_column_text][\/vc_column][vc_column width=\u00bb1\/2&#8243; css=\u00bb.vc_custom_1562944439635{margin-bottom: 30px !important;}\u00bb][vc_column_text]<\/p>\n<h3 class=\"thim-text-title\">Visi\u00f3n<\/h3>\n<p>La Instituci\u00f3n Educativa Colegio San Bartolom\u00e9 de San Jos\u00e9 de C\u00facuta, en el 2.015 ser\u00e1 l\u00edder en la formaci\u00f3n integral e incluyente de j\u00f3venes emprendedores, competentes, capaces de impulsar su proyecto de vida y contribuir al desarrollo econ\u00f3mico, social y pol\u00edtico de su comunidad.[\/vc_column_text][\/vc_column][\/vc_row][vc_row][vc_column][vc_tta_tabs][vc_tta_section title=\u00bbRESE\u00d1A HIST\u00d3RICA\u00bb tab_id=\u00bb1553201553639-a4a157b2-0618&#8243;][vc_column_text]En el a\u00f1o 2003 siendo Alcalde del Municipio de San Jos\u00e9 de C\u00facuta el Doctor MANUEL GUILLERMO MORA JARAMILLO present\u00f3 al consejo el proyecto de la creaci\u00f3n del Colegio Municipal San Bartolom\u00e9 que vendr\u00eda a beneficiar a la poblaci\u00f3n de escasos recursos de los sectores marginados, de la Ciudadela JUAN ATALAYA, que quedaban por fuera del servicio Educativo; por tal motivo el Consejo Municipal mediante el acuerdo N\u00ba 0066 del 18 de diciembre del 2003, crea la Instituci\u00f3n.<\/p>\n<p>Se inici\u00f3 la construcci\u00f3n de 14 aulas, 2 bater\u00edas sanitarias en diciembre de 2003 y en el 2004 se contin\u00faa la construcci\u00f3n del coliseo cubierto en la administraci\u00f3n del Alcalde RAMIRO SU\u00c1REZ CORZO y se proyect\u00f3 la construcci\u00f3n de la parte administrativa.<\/p>\n<p>Las matr\u00edculas se realizaron en la biblioteca del Centro Tecnol\u00f3gico Universitario del barrio comuneros el 23 de enero del 2004 y se iniciaron labores acad\u00e9micas el 23 de febrero en: Escuela la Gruta N\u00ba 6, el Colegio Fe y Alegr\u00eda, Colegios Innovaci\u00f3n Estudiantil y Colegio Juventudes Unidas debido a que la planta f\u00edsica se encontraba en construcci\u00f3n.<\/p>\n<p>El d\u00eda 5 de mayo del 2004 se realiz\u00f3 el traslado a la nueva planta f\u00edsica y el 28 de mayo del 2004 mediante el decreto N\u00ba 0207 se fusionan las instituciones Escuela Cerro Norte y el Colegio Jes\u00fas Obrero; durante la semana del 28 de junio al 2 de julio se desarroll\u00f3 la integraci\u00f3n de las instituciones fusionadas y se inicia la construcci\u00f3n del proyecto educativo Institucional PEI.<\/p>\n<p>Seguidamente Mediante decreto 074 de febrero 23 del 2.007 la escuela comuneros # 33 se convierte en las sede #4 de nuestra Instituci\u00f3n y se inicia nuevamente el ajuste del PEI.En la actualidad la Instituci\u00f3n Educativa ha graduado 6 promociones y gracias al trabajo mancomunado docentes y directivos est\u00e1 en nivel ALTO en las pruebas saber ICFES.<\/p>\n<p>As\u00ed mismo (a\u00f1o 2011), en la sede central a\u00fan no se cuenta con el \u00e1rea administrativa, laboratorios y aula de sistemas; por su parte la sede cerro norte y la escuela comuneros # 33 necesitan arreglos de estructuras f\u00edsicas que permitan desempe\u00f1ar la labor educativa con todas las normas de seguridad f\u00edsicas requeridas.Durante este a\u00f1o 2011 se ha venido implementando el software educativo \u201cCiudad educativa\u201d y se da inicio al proceso de certificaci\u00f3n de calidad, con el fin de optimizar los procesos directivo, administrativo, y acad\u00e9mico y comunitario que se desarrollan en la Instituci\u00f3n.[\/vc_column_text][\/vc_tta_section][vc_tta_section title=\u00bbFILOSOF\u00cdA Y PRINCIPIOS\u00bb tab_id=\u00bb1553201553661-4cb8a9a4-11b5&#8243;][vc_column_text]<strong>FILOSOF\u00cdA<\/strong><\/p>\n<p>Somos una comunidad educativa fundamentada en los principios de \u201cVIRTUD, SABIDUR\u00cdA Y SERVICIO\u201d legado de nuestro Patrono San Bartolom\u00e9; abierta al desarrollo cient\u00edfico, tecnol\u00f3gico, empresarial y cultural con el firme prop\u00f3sito de incentivar el desarrollo de las capacidades y los valores individuales y colectivos de nuestra comunidad, teniendo en cuenta la diversidad y pol\u00edtica de inclusi\u00f3n emanada del gobierno nacional.<\/p>\n<p>La Instituci\u00f3n ofrece un Proyecto Educativo Institucional basado en la formaci\u00f3n de valores y partiendo de la integralidad del ser; el colegio brinda a sus estudiantes los espacios y los tiempos necesarios para la formaci\u00f3n intelectual, f\u00edsica y espiritual: ser y trascender.<\/p>\n<p>En la medida en que se forme un ser diligente, responsable y comprometido consigo mismo y con su entorno, lograremos que el estudiante Bartolino sea miembro activo de un capital humano con altas competencias, portador de valores, informaci\u00f3n y creencias que le har\u00e1n capaz de lograr una real transformaci\u00f3n de la sociedad.<\/p>\n<p>La Instituci\u00f3n ofrece las condiciones contextuales que permiten al estudiante su crecimiento personal y social. Como segunda familia, se preocupa por una s\u00f3lida formaci\u00f3n \u00e9tica y moral con orientaci\u00f3n religiosa y respetando la pluralidad constitucional.<\/p>\n<p><strong>VALORES INSTITUCIONALES<\/strong><\/p>\n<ul>\n<li>Libertad.<\/li>\n<li>Honestidad.<\/li>\n<li>Tolerancia.<\/li>\n<li>Justicia.<\/li>\n<li>Agradecimiento.<\/li>\n<li>Solidaridad.<\/li>\n<li>Prudencia.<\/li>\n<li>Amistad.<\/li>\n<li>Respeto.<\/li>\n<li>Colaboraci\u00f3n.<\/li>\n<li>Bondad.<\/li>\n<li>Puntualidad.<\/li>\n<li>Fortaleza y perseverancia.<\/li>\n<li>Lealtad.<\/li>\n<li>Responsabilidad.<\/li>\n<\/ul>\n<p><strong>PRINCIPIOS INSTITUCIONALES<\/strong><\/p>\n<p>La Instituci\u00f3n aplica la Personalizaci\u00f3n antes que estandarizaci\u00f3n. Esto significa reconocer las diferencias individuales, sociales y culturales de las y los estudiantes a partir de las cuales se orienta la acci\u00f3n educativa.<\/p>\n<p>En Instituci\u00f3n prevalece Heterogeneidad frente a la homogeneidad. Este principio destaca el valor de los agrupamientos heterog\u00e9neos de las y los estudiantes para educar en valores de respeto y aceptaci\u00f3n de las diferencias en una sociedad plural y democr\u00e1tica.[\/vc_column_text][\/vc_tta_section][vc_tta_section title=\u00bbCALIDAD\u00bb tab_id=\u00bb1553202116208-8d028f78-28a5&#8243;][vc_column_text]<\/p>\n<h3 class=\"thim-text-title\"><strong>POL\u00cdTICA DE CALIDAD<\/strong><\/h3>\n<p>La Instituci\u00f3n Educativa Colegio San Bartolom\u00e9 ofrece el servicio educativo formal de la m\u00e1s alta calidad, bajo los requisitos descritos en la NTC ISO 9001:2008- NTC GP 1000:2009 y los exigidos por el MEN, para satisfacer las necesidades y expectativas de los estudiantes, formando ciudadanos \u00edntegros en lo cognitivo, emocional y en valores, mediante procesos y ambientes pedag\u00f3gicos dentro de un marco de mejora continua de la eficacia de los procesos establecidos en su Sistema de Gesti\u00f3n de la Calidad.<\/p>\n<p><strong>OBJETIVOS DE CALIDAD<\/strong><\/p>\n<ul>\n<li>Aumentar el nivel de formaci\u00f3n de los estudiantes desarrollando competencias emprendedoras para ubicarse laboralmente, o continuar sus estudios superiores.<\/li>\n<li>Implementar un dise\u00f1o curricular en cumplimiento a los requisitos legales y reglamentarios aplicables a la actividad educativa.<\/li>\n<li>Evaluar e incrementar el desarrollo de competencias en el personal.<\/li>\n<li>Mantener un alto nivel de satisfacci\u00f3n de las necesidades y expectativas de la comunidad educativa.<\/li>\n<li>Desarrollar acciones de mejoramiento continuo que garanticen la calidad del servicio.<\/li>\n<\/ul>\n<p>[\/vc_column_text][\/vc_tta_section][vc_tta_section title=\u00bbPATRONO\u00bb tab_id=\u00bb1553203450656-a52e943b-1e54&#8243;][vc_column_text]<img decoding=\"async\" class=\"alignleft\" src=\"https:\/\/colsanbartolome.edu.co\/web\/wp-content\/uploads\/2019\/07\/patrono.jpg\" \/><strong>SAN BARTOLOM\u00c9\u2026.. NUESTRO PATRONO<\/strong><br \/>\n<strong>Principales Caracter\u00edsticas:<\/strong><br \/>\nNaci\u00f3 en Can\u00e1 de Galilea<br \/>\nSexto ap\u00f3stol y disc\u00edpulo incondicional de Jes\u00fas.<br \/>\nEn el evangelio de San Juan aparece como Natanael.<br \/>\nNatanael significa \u201cRegalo de Dios\u201d.<br \/>\nEvangeliz\u00f3 en Arabia, la India y Armenia<br \/>\nVivi\u00f3 y predic\u00f3 la Virtud, la Sabidur\u00eda y el Servicio.<br \/>\nMuri\u00f3 martirizado por causa de su fe; a\u00fan vivo le arrancaron la piel y luego fue decapitado.<br \/>\nSu fiesta patronal es el 24 de agosto.[\/vc_column_text][\/vc_tta_section][\/vc_tta_tabs][\/vc_column][\/vc_row][vc_row][vc_column]<div class=\"thim-widget-heading template-base\"><div class=\"sc_heading  text-center\"><h3 class=\"title\">S\u00edmbolos <strong>Institucionales<\/strong><\/h3><\/div><\/div>[vc_row_inner][vc_column_inner width=\u00bb1\/2&#8243;][vc_column_text]<\/p>\n<h3 class=\"thim-text-title\">BANDERA<\/h3>\n<p>[\/vc_column_text][vc_single_image image=\u00bb11717&#8243; img_size=\u00bbmedium\u00bb alignment=\u00bbcenter\u00bb][\/vc_column_inner][vc_column_inner width=\u00bb1\/2&#8243;][vc_column_text]<\/p>\n<h3 class=\"thim-text-title\">ESCUDO<\/h3>\n<p>[\/vc_column_text][vc_single_image image=\u00bb11713&#8243; img_size=\u00bbmedium\u00bb alignment=\u00bbcenter\u00bb][\/vc_column_inner][\/vc_row_inner][vc_row_inner css=\u00bb.vc_custom_1562945354573{margin-top: 60px !important;}\u00bb][vc_column_inner width=\u00bb1\/2&#8243;][vc_column_text]<\/p>\n<h3 class=\"thim-text-title\">LEMA<\/h3>\n<p>[\/vc_column_text][vc_single_image image=\u00bb11733&#8243; img_size=\u00bbmedium\u00bb alignment=\u00bbcenter\u00bb][\/vc_column_inner][vc_column_inner width=\u00bb1\/2&#8243;][vc_column_text]<\/p>\n<h3 class=\"thim-text-title\">LOGO DE CALIDAD<\/h3>\n<p>BARTOLINOS\u2026 CALIDAD EDUCATIVA UNA POL\u00cdTICA DE VIDA.[\/vc_column_text][vc_single_image image=\u00bb11734&#8243; img_size=\u00bbmedium\u00bb alignment=\u00bbcenter\u00bb][\/vc_column_inner][\/vc_row_inner][\/vc_column][\/vc_row][vc_row full_width=\u00bbstretch_row_content_no_spaces\u00bb disable_element=\u00bbyes\u00bb css=\u00bb.vc_custom_1562944716206{background-color: #95c5f4 !important;}\u00bb][vc_column][vc_row_inner][vc_column_inner]<div class=\"thim-widget-heading template-base\"><div class=\"sc_heading  text-center\"><h3 class=\"title\"><strong>Himno<\/strong> Institucional<\/h3><span class=\"line\"><\/span><\/div><\/div>[\/vc_column_inner][\/vc_row_inner][vc_row_inner][vc_column_inner width=\u00bb1\/3&#8243;]<div class=\"thim-widget-heading template-base\"><div class=\"sc_heading  text-center\"><h3 class=\"title\">CORO<\/h3><span class=\"line\"><\/span><\/div><\/div>[vc_column_text]<\/p>\n<div style=\"text-align: center;\">coro coro coro<\/div>\n<div style=\"text-align: center;\">coro coro<\/div>\n<div style=\"text-align: center;\">coro coro coro<\/div>\n<div style=\"text-align: center;\"><\/div>\n<p>[\/vc_column_text]<div class=\"thim-widget-heading template-base\"><div class=\"sc_heading  text-center\"><h3 class=\"title\">III<\/h3><span class=\"line\"><\/span><\/div><\/div>[vc_column_text]<\/p>\n<div style=\"text-align: center;\">coro coro coro<\/div>\n<div style=\"text-align: center;\">coro coro<\/div>\n<div style=\"text-align: center;\">coro coro coro<\/div>\n<p>[\/vc_column_text][\/vc_column_inner][vc_column_inner width=\u00bb1\/3&#8243;]<div class=\"thim-widget-heading template-base\"><div class=\"sc_heading  text-center\"><h3 class=\"title\">I<\/h3><span class=\"line\"><\/span><\/div><\/div>[vc_column_text]<\/p>\n<div style=\"text-align: center;\">coro coro coro<\/div>\n<div style=\"text-align: center;\">coro coro<\/div>\n<div style=\"text-align: center;\">coro coro coro<\/div>\n<p>[\/vc_column_text]<div class=\"thim-widget-heading template-base\"><div class=\"sc_heading  text-center\"><h3 class=\"title\">IV<\/h3><span class=\"line\"><\/span><\/div><\/div>[vc_column_text]<\/p>\n<div style=\"text-align: center;\">coro coro coro<\/div>\n<div style=\"text-align: center;\">coro coro<\/div>\n<div style=\"text-align: center;\">coro coro coro<\/div>\n<p>[\/vc_column_text][\/vc_column_inner][vc_column_inner width=\u00bb1\/3&#8243;]<div class=\"thim-widget-heading template-base\"><div class=\"sc_heading  text-center\"><h3 class=\"title\">II<\/h3><span class=\"line\"><\/span><\/div><\/div>[vc_column_text]<\/p>\n<div style=\"text-align: center;\">coro coro coro<\/div>\n<div style=\"text-align: center;\">coro coro<\/div>\n<div style=\"text-align: center;\">coro coro coro<\/div>\n<p>[\/vc_column_text]<div class=\"thim-widget-heading template-base\"><div class=\"sc_heading  text-center\"><h3 class=\"title\">V<\/h3><span class=\"line\"><\/span><\/div><\/div>[vc_column_text]<\/p>\n<div style=\"text-align: center;\">coro coro coro<\/div>\n<div style=\"text-align: center;\">coro coro<\/div>\n<div style=\"text-align: center;\">coro coro coro<\/div>\n<p>[\/vc_column_text][\/vc_column_inner][\/vc_row_inner][\/vc_column][\/vc_row]<\/p>\n<\/div>","protected":false},"excerpt":{"rendered":"<p>[vc_row][vc_column][\/vc_column][\/vc_row][vc_row css=\u00bb.vc_custom_1559531433775{margin-bottom: 15px !important;}\u00bb][vc_column width=\u00bb1\/2&#8243; css=\u00bb.vc_custom_1562944446531{margin-bottom: 30px !important;}\u00bb][vc_column_text] Misi\u00f3n La Instituci\u00f3n Educativa Colegio San Bartolom\u00e9 de San Jos\u00e9 de C\u00facuta, de car\u00e1cter oficial; forma integralmente a sus estudiantes a trav\u00e9s de una orientaci\u00f3n incluyente, emprendedora, human\u00edstica, acad\u00e9mica e investigativa, con &hellip; <\/p>\n","protected":false},"author":1,"featured_media":0,"parent":0,"menu_order":0,"comment_status":"closed","ping_status":"closed","template":"","meta":{"footnotes":""},"class_list":["post-11502","page","type-page","status-publish","hentry"],"_links":{"self":[{"href":"https:\/\/colsanbartolome.edu.co\/web\/wp-json\/wp\/v2\/pages\/11502","targetHints":{"allow":["GET"]}}],"collection":[{"href":"https:\/\/colsanbartolome.edu.co\/web\/wp-json\/wp\/v2\/pages"}],"about":[{"href":"https:\/\/colsanbartolome.edu.co\/web\/wp-json\/wp\/v2\/types\/page"}],"author":[{"embeddable":true,"href":"https:\/\/colsanbartolome.edu.co\/web\/wp-json\/wp\/v2\/users\/1"}],"replies":[{"embeddable":true,"href":"https:\/\/colsanbartolome.edu.co\/web\/wp-json\/wp\/v2\/comments?post=11502"}],"version-history":[{"count":4,"href":"https:\/\/colsanbartolome.edu.co\/web\/wp-json\/wp\/v2\/pages\/11502\/revisions"}],"predecessor-version":[{"id":11736,"href":"https:\/\/colsanbartolome.edu.co\/web\/wp-json\/wp\/v2\/pages\/11502\/revisions\/11736"}],"wp:attachment":[{"href":"https:\/\/colsanbartolome.edu.co\/web\/wp-json\/wp\/v2\/media?parent=11502"}],"curies":[{"name":"wp","href":"https:\/\/api.w.org\/{rel}","templated":true}]}}